{"id":86,"date":"2017-11-10T14:08:51","date_gmt":"2017-11-10T14:08:51","guid":{"rendered":"http:\/\/tag_link_site_url\/mesmerize\/"},"modified":"2026-01-16T06:57:15","modified_gmt":"2026-01-16T06:57:15","slug":"startseite","status":"publish","type":"page","link":"https:\/\/www.dachy-semczyszyn.pl\/de\/","title":{"rendered":"Startseite"},"content":{"rendered":"<div  data-label=\"Cta\" data-id=\"cta-blue-section\" data-export-id=\"cta-blue-section\" data-category=\"cta\" class=\"cta-blue-section content-section content-section-spacing-medium bg-color1 white-text\" id=\"cta-1\" style=\"background-image: none; background-color: rgb(178, 217, 0);\">\n<div  class=\"gridContainer\">\n<div  class=\"row middle-xs\">\n<div  class=\"col-sm-8 space-bottom-xs\" data-type=\"column\">\n<h2  class=\"\"><span  style=\"color: rgb(60, 60, 59);\">Sie suchen einen Spezialisten f\u00fcr Ihre Baustelle?<\/span><\/h2>\n<\/div>\n<div  class=\"col-sm-4 end-sm\" data-type=\"column\"><a  class=\"button big color-white dark-text round\" href=\"https:\/\/www.dachy-semczyszyn.pl\/de\/kontakt\" target=\"_self\" data-cp-link=\"1\" data-icon=\"fa-envelope\"><span  class=\"button-icon fa fa-envelope\"><\/span> ANGEBOT ANFORDERN <\/a><\/div>\n<\/div>\n<\/div>\n<\/div><div  data-label=\"services\" data-id=\"features-13\" data-export-id=\"features-13\" data-category=\"features\" class=\"features-13 content-section content-section-spacing content-relative\" id=\"services\" style=\"background-color: rgb(245, 250, 253); background-size: cover; background-position: center top;\" data-section-ov=\"1\">\n<div  class=\"gridContainer\">\n<div  class=\"row text-center\">\n<div  class=\"section-title-col\" data-type=\"column\">\n<h2  class=\"\"><span  style=\"font-weight: 900; color: rgb(255, 255, 255);\">Was machen wir?<\/span><\/h2>\n<p  class=\"lead\"><span  style=\"font-weight: 600; color: rgb(255, 255, 255);\">Wir bieten ein umfassendes Leistungspaket, das alles umfasst, was Sie f\u00fcr ein solides und langlebiges Dach ben\u00f6tigen. Wir fertigen professionelle Dachkonstruktionen und pr\u00e4zise gefertigte Dachst\u00fchle. Wir sind spezialisiert auf die Montage verschiedener Dacheindeckungen, die Ihren Bed\u00fcrfnissen und W\u00fcnschen entsprechen und sowohl \u00c4sthetik als auch Funktionalit\u00e4t bieten. Um den maximalen Schutz Ihres Hauses zu gew\u00e4hrleisten, f\u00fchren wir au\u00dferdem zuverl\u00e4ssige Abdichtungen durch, die vor Feuchtigkeit und Undichtigkeiten sch\u00fctzen. Wir k\u00fcmmern uns auch um umfassende Dachsanierungen, um Ihren alten Glanz und Ihre Dichtheit wiederherzustellen und ihre Lebensdauer zu verl\u00e4ngern. Egal, ob Sie ein neues Dach ben\u00f6tigen oder ein bestehendes renovieren m\u00f6chten \u2013 wir stehen Ihnen zur Verf\u00fcgung.<\/span><\/p>\n\n<\/div>\n<\/div>\n<div  class=\"row spaced-cols center-sm\" data-type=\"row\">\n<div  class=\"col col-sm-6 col-md-3 space-bottom\">\n\n<i  class=\"fa icon fa-calendar-check-o reverse round large color1\"> <\/i>\n<h4  class=\"\"><span  style=\"color: rgb(255, 255, 255);\">P\u00dcNKTLICHKEIT<\/span><\/h4>\n<p  class=\"\"><span  style=\"color: rgb(255, 255, 255);\">Wir erledigen jeden Auftrag gem\u00e4\u00df dem vereinbarten Zeitplan, halten unsere Versprechen und geben Ihnen Sicherheit.<\/span><\/p>\n\n<\/div>\n<div  class=\"col col-sm-6 col-md-3 space-bottom\">\n\n<i  class=\"fa icon fa-bank reverse round large color1\"> <\/i>\n<h4  class=\"\"><span  style=\"color: rgb(255, 255, 255);\">SOLIDIT\u00c4T<\/span><\/h4>\n<p  class=\"\"><span  style=\"color: rgb(255, 255, 255);\">F\u00fcr uns bedeutet Solidit\u00e4t nicht nur Langlebigkeit, sondern auch Zuverl\u00e4ssigkeit im Handeln und Liebe zum Detail in jeder Arbeitsphase.<\/span><\/p>\n\n<\/div>\n<div  class=\"col col-sm-6 col-md-3 space-bottom\">\n\n<i  class=\"fa icon fa-users reverse round large color1\"> <\/i>\n<h4  class=\"\"><span  style=\"color: rgb(255, 255, 255);\">PROFESSIONALIT\u00c4T<\/span><\/h4>\n<p  class=\"\"><span  style=\"color: rgb(255, 255, 255);\">Dazu geh\u00f6ren f\u00fcr uns nicht nur Kenntnisse und F\u00e4higkeiten, sondern auch eine individuelle Betreuung des Kunden, pr\u00e4zise Beratung und volle Verantwortung f\u00fcr die ausgef\u00fchrte Arbeit.<\/span><\/p>\n\n<\/div>\n<div  class=\"col col-sm-6 col-md-3 space-bottom\">\n\n<i  class=\"fa icon fa-thumbs-up reverse round large color1\"> <\/i>\n<h4  class=\"\"><span  style=\"color: rgb(255, 255, 255);\">H\u00d6CHSTE QUALIT\u00c4T<\/span><\/h4>\n<p  class=\"\"><span  style=\"color: rgb(255, 255, 255);\">Unsere D\u00e4cher sind nicht nur \u00e4sthetisch, sondern vor allem langlebig und \u00fcber viele Jahre witterungsbest\u00e4ndig.<\/span><\/p>\n\n<\/div>\n<\/div>\n<\/div>\n<div  class=\"section-separator-bottom\">\n    <svg  xmlns=\"http:\/\/www.w3.org\/2000\/svg\" viewBox=\"0 0 2600 131.1\" preserveAspectRatio=\"none\" data-separator-name=\"opacity-tilt\" class=\"section-separator-bottom\">\n\t<path  class=\"svg-white-bg\" d=\"M0 0L2600 0 2600 69.1 0 0z\"><\/path>\n\t<path  class=\"svg-white-bg\" style=\"opacity: 0.5;\" d=\"M0 0L2600 0 2600 69.1 0 69.1z\"><\/path>\n\t<path  class=\"svg-white-bg\" style=\"opacity: 0.25;\" d=\"M2600 0L0 0 0 130.1 2600 69.1z\"><\/path>\n<\/svg>\n<\/div><\/div><div  data-label=\"about\" data-id=\"content-8\" data-export-id=\"content-8\" data-category=\"content\" class=\"content-8 content-section content-section-spacing\" id=\"about\" style=\"background-color: #ffffff;\">\n<div  class=\"gridContainer\">\n<div  class=\"row middle-sm\">\n<div  class=\"col-sm-6 space-bottom-xs\" data-type=\"column\"><img  decoding=\"async\" class=\"shadow-large\" src=\"http:\/\/www.dachy-semczyszyn.pl\/de\/wp-content\/uploads\/2025\/06\/cropped-dachy.jpg\" title=\"dachy lubuskie, us\u0142ugi dekarskie lubuskie, dekarz \u017bary, dekarz \u017baga\u0144, dekarz Nowa S\u00f3l, dekarz Szprotawa,  firma dekarska lubuskie, cie\u015bla lubuskie, wi\u0119\u017aba dachowa lubuskie, dachy, remont dachu, pokrycia dachowe,  hydroizolacja dach\u00f3w lubuskie, solidny dekarz lubuskie, kompleksowe dachy Lubuskie, us\u0142ugi ciesielskie, monta\u017c pokrycia dachowego, konstrukcje dachowe, remont dachu\" alt=\"dachy lubuskie, us\u0142ugi dekarskie lubuskie, dekarz \u017bary, dekarz \u017baga\u0144, dekarz Nowa S\u00f3l, dekarz Szprotawa, firma dekarska lubuskie, cie\u015bla lubuskie, wi\u0119\u017aba dachowa lubuskie, dachy, remont dachu, pokrycia dachowe, hydroizolacja dach\u00f3w lubuskie, solidny dekarz lubuskie, kompleksowe dachy Lubuskie, us\u0142ugi ciesielskie, monta\u017c pokrycia dachowego, konstrukcje dachowe, remont dachu\"><\/div>\n<div  class=\"col-sm-6\" data-type=\"column\">\n<h2  class=\"\"><span  style=\"font-weight: 900;\">Zuverl\u00e4ssigkeit und Erfahrung<\/span><span  id=\"_mce_caret\" data-mce-bogus=\"1\" data-mce-type=\"format-caret\"><span  style=\"font-weight: 900;\">\ufeff<\/span><\/span><\/h2>\n<p  class=\"\">Suchen Sie einen erfahrenen Zimmerei- und Dachdeckerbetrieb? Dachy-Semczyszyn steht seit 2014 f\u00fcr Zuverl\u00e4ssigkeit und Erfahrung. Wir bieten umfassende Leistungen vom Dachstuhlbau bis zur Dachmontage und k\u00fcmmern uns um jedes Detail. Vertrauen Sie auf unsere langj\u00e4hrige Erfahrung und freuen Sie sich \u00fcber ein langlebiges Dach. Kontaktieren Sie uns noch heute und vertrauen Sie Ihr Dach Profis an!<\/p>\n\n\n<\/div>\n<\/div>\n<\/div>\n<\/div><div  data-label=\"portfolio\" data-id=\"portfolio-4\" data-export-id=\"portfolio-4\" data-category=\"portfolio\" class=\"portfolio-4 content-section content-section-spacing-top white-text content-relative\" id=\"portfolio\" style=\"background-color: rgb(60, 60, 59); background-image: none;\">\n<div  class=\"\"><div  data-section-title-area=\"true\" class=\"row text-center\">   <div  class=\"section-title-col\" data-type=\"column\">       <h2  class=\"\">REALISIERUNGEN<\/h2>       <p  class=\"lead\">Sehen Sie sich die Fotogalerie unserer Projekte an und sehen Sie, wie unsere Arbeit aussieht!<\/p>   <a  class=\"button big color2 white-text round\" href=\"https:\/\/www.dachy-semczyszyn.pl\/de\/realisierungen\" target=\"_self\" data-cp-link=\"1\" data-icon=\"fa-mouse-pointer\"><span  class=\"button-icon fa fa-mouse-pointer\"><\/span>MEHR SEHEN<\/a><\/div><\/div>\n\n<div  data-type=\"row\" class=\"row\">\n<div  class=\"col-xs-12 col-sm-3 no-gutter-col\">\n<div  class=\"contentswap-effect\" data-hover-fx=\"portfolio-4\">\n<div  class=\"initial-image\"><img  decoding=\"async\" data-size=\"542x360\" src=\"http:\/\/www.dachy-semczyszyn.pl\/de\/wp-content\/uploads\/2025\/06\/cropped-dachy-ciesielstwo-dekarstwo-6.jpg\"><\/div>\n<div  class=\"overlay bg-color6\"><\/div>\n<div  class=\"swap-inner col-xs-12\">\n<div  class=\"row full-height-row middle-xs middle-sm\">\n<div  class=\"col-xs-12 text-center content-holder\"><a  href=\"https:\/\/www.dachy-semczyszyn.pl\/de\/wp-content\/uploads\/2025\/06\/dachy-ciesielstwo-dekarstwo-6.jpg\" target=\"lightbox\" class=\"\"><i  class=\"fa icon portfolio-icon fa-expand big color2\" aria-hidden=\"true\"><\/i><\/a><\/div>\n<\/div>\n<\/div>\n<\/div>\n<\/div>\n<div  class=\"col-xs-12 col-sm-3 no-gutter-col\">\n<div  class=\"contentswap-effect\" data-hover-fx=\"portfolio-4\">\n<div  class=\"initial-image\"><img  decoding=\"async\" data-size=\"542x360\" src=\"http:\/\/www.dachy-semczyszyn.pl\/de\/wp-content\/uploads\/2025\/06\/cropped-dachy-ciesielstwo-dekarstwo-14.jpg\"><\/div>\n<div  class=\"overlay bg-color6\"><\/div>\n<div  class=\"swap-inner col-xs-12\">\n<div  class=\"row full-height-row middle-xs middle-sm\">\n<div  class=\"col-xs-12 text-center content-holder\"><a  href=\"https:\/\/www.dachy-semczyszyn.pl\/de\/wp-content\/uploads\/2025\/06\/dachy-ciesielstwo-dekarstwo-14.jpg\" target=\"lightbox\" class=\"\"><i  class=\"fa icon portfolio-icon fa-expand big color2\" aria-hidden=\"true\"><\/i><\/a><\/div>\n<\/div>\n<\/div>\n<\/div>\n<\/div>\n<div  class=\"col-xs-12 col-sm-3 no-gutter-col\">\n<div  class=\"contentswap-effect\" data-hover-fx=\"portfolio-4\">\n<div  class=\"initial-image\"><img  decoding=\"async\" data-size=\"542x360\" src=\"http:\/\/www.dachy-semczyszyn.pl\/de\/wp-content\/uploads\/2025\/06\/cropped-dachy-ciesielstwo-dekarstwo-160.jpg\"><\/div>\n<div  class=\"overlay bg-color6\"><\/div>\n<div  class=\"swap-inner col-xs-12\">\n<div  class=\"row full-height-row middle-xs middle-sm\">\n<div  class=\"col-xs-12 text-center content-holder\"><a  href=\"https:\/\/www.dachy-semczyszyn.pl\/de\/wp-content\/uploads\/2025\/06\/dachy-ciesielstwo-dekarstwo-160.jpg\" target=\"lightbox\" class=\"\"><i  class=\"fa icon portfolio-icon fa-expand big color2\" aria-hidden=\"true\"><\/i><\/a><\/div>\n<\/div>\n<\/div>\n<\/div>\n<\/div>\n<div  class=\"col-xs-12 col-sm-3 no-gutter-col\">\n<div  class=\"contentswap-effect\" data-hover-fx=\"portfolio-4\">\n<div  class=\"initial-image\"><img  decoding=\"async\" data-size=\"542x360\" src=\"http:\/\/www.dachy-semczyszyn.pl\/de\/wp-content\/uploads\/2025\/06\/cropped-dachy-ciesielstwo-dekarstwo-170.jpg\"><\/div>\n<div  class=\"overlay bg-color6\"><\/div>\n<div  class=\"swap-inner col-xs-12\">\n<div  class=\"row full-height-row middle-xs middle-sm\">\n<div  class=\"col-xs-12 text-center content-holder\"><a  href=\"https:\/\/www.dachy-semczyszyn.pl\/de\/wp-content\/uploads\/2025\/06\/dachy-ciesielstwo-dekarstwo-170.jpg\" target=\"lightbox\" class=\"\"><i  class=\"fa icon portfolio-icon fa-expand big color2\" aria-hidden=\"true\"><\/i><\/a><\/div>\n<\/div>\n<\/div>\n<\/div>\n<\/div>\n<div  class=\"col-xs-12 col-sm-3 no-gutter-col\">\n<div  class=\"contentswap-effect\" data-hover-fx=\"portfolio-4\">\n<div  class=\"initial-image\"><img  decoding=\"async\" data-size=\"542x360\" src=\"http:\/\/www.dachy-semczyszyn.pl\/de\/wp-content\/uploads\/2025\/06\/cropped-dachy-ciesielstwo-dekarstwo-48.jpg\"><\/div>\n<div  class=\"overlay bg-color6\"><\/div>\n<div  class=\"swap-inner col-xs-12\">\n<div  class=\"row full-height-row middle-xs middle-sm\">\n<div  class=\"col-xs-12 text-center content-holder\"><a  href=\"https:\/\/www.dachy-semczyszyn.pl\/de\/wp-content\/uploads\/2025\/06\/dachy-ciesielstwo-dekarstwo-48.jpg\" target=\"lightbox\" class=\"\"><i  class=\"fa icon portfolio-icon fa-expand big color2\" aria-hidden=\"true\"><\/i><\/a><\/div>\n<\/div>\n<\/div>\n<\/div>\n<\/div><div  class=\"col-xs-12 col-sm-3 no-gutter-col\">\n<div  class=\"contentswap-effect\" data-hover-fx=\"portfolio-4\">\n<div  class=\"initial-image\"><img  decoding=\"async\" data-size=\"542x360\" src=\"http:\/\/www.dachy-semczyszyn.pl\/de\/wp-content\/uploads\/2025\/06\/cropped-dachy-ciesielstwo-dekarstwo-77.jpg\"><\/div>\n<div  class=\"overlay bg-color6\"><\/div>\n<div  class=\"swap-inner col-xs-12\">\n<div  class=\"row full-height-row middle-xs middle-sm\">\n<div  class=\"col-xs-12 text-center content-holder\"><a  href=\"https:\/\/www.dachy-semczyszyn.pl\/de\/wp-content\/uploads\/2025\/06\/dachy-ciesielstwo-dekarstwo-77.jpg\" target=\"lightbox\" class=\"\"><i  class=\"fa icon portfolio-icon fa-expand big color2\" aria-hidden=\"true\"><\/i><\/a><\/div>\n<\/div>\n<\/div>\n<\/div>\n<\/div><div  class=\"col-xs-12 col-sm-3 no-gutter-col\">\n<div  class=\"contentswap-effect\" data-hover-fx=\"portfolio-4\">\n<div  class=\"initial-image\"><img  decoding=\"async\" data-size=\"542x360\" src=\"http:\/\/www.dachy-semczyszyn.pl\/de\/wp-content\/uploads\/2025\/06\/cropped-dachy-ciesielstwo-dekarstwo-89.jpg\"><\/div>\n<div  class=\"overlay bg-color6\"><\/div>\n<div  class=\"swap-inner col-xs-12\">\n<div  class=\"row full-height-row middle-xs middle-sm\">\n<div  class=\"col-xs-12 text-center content-holder\"><a  href=\"https:\/\/www.dachy-semczyszyn.pl\/de\/wp-content\/uploads\/2025\/06\/dachy-ciesielstwo-dekarstwo-89.jpg\" target=\"lightbox\" class=\"\"><i  class=\"fa icon portfolio-icon fa-expand big color2\" aria-hidden=\"true\"><\/i><\/a><\/div>\n<\/div>\n<\/div>\n<\/div>\n<\/div><div  class=\"col-xs-12 col-sm-3 no-gutter-col\">\n<div  class=\"contentswap-effect\" data-hover-fx=\"portfolio-4\">\n<div  class=\"initial-image\"><img  decoding=\"async\" data-size=\"542x360\" src=\"http:\/\/www.dachy-semczyszyn.pl\/de\/wp-content\/uploads\/2025\/06\/cropped-dachy-ciesielstwo-dekarstwo-97.jpg\"><\/div>\n<div  class=\"overlay bg-color6\"><\/div>\n<div  class=\"swap-inner col-xs-12\">\n<div  class=\"row full-height-row middle-xs middle-sm\">\n<div  class=\"col-xs-12 text-center content-holder\"><a  href=\"https:\/\/www.dachy-semczyszyn.pl\/de\/wp-content\/uploads\/2025\/06\/dachy-ciesielstwo-dekarstwo-97.jpg\" target=\"lightbox\" class=\"\"><i  class=\"fa icon portfolio-icon fa-expand big color2\" aria-hidden=\"true\"><\/i><\/a><\/div>\n<\/div>\n<\/div>\n<\/div>\n<\/div><\/div>\n<\/div>\n<div  class=\"section-separator-bottom\">\n    <svg  class=\"section-separator-bottom\" data-separator-name=\"triangle-asymmetrical-negative\" preserveAspectRatio=\"none\" viewBox=\"0 0 1000 100\" xmlns=\"http:\/\/www.w3.org\/2000\/svg\">\n        <path  class=\"svg-white-bg\" d=\"M737.9,94.7L0,0v100h1000V0L737.9,94.7z\"><\/path>\n    <\/svg>\n<\/div><\/div><div  data-label=\"contact\" data-id=\"contact-3\" data-export-id=\"contact-3\" data-category=\"contact\" class=\"contact-3 content-section content-section-spacing content-relative\" id=\"contact\" style=\"background-color: rgb(255, 255, 255); background-image: url(&quot;http:\/\/www.dachy-semczyszyn.pl\/de\/wp-content\/uploads\/2025\/06\/mapa.jpg&quot;); background-size: cover; background-position: center top;\" data-section-ov=\"1\"><div  class=\"section-separator-top\">\n    <svg  xmlns=\"http:\/\/www.w3.org\/2000\/svg\" preserveAspectRatio=\"none\" viewBox=\"0 0 1000 100\" data-separator-name=\"tilt-flipped\" class=\"section-separator-top\">\n  <path  id=\"path2\" d=\"M 1000,0 H 0 v 100 z\" class=\"svg-white-bg\"><\/path>\n<\/svg>\n<\/div>\n<div  class=\"gridContainer\">\n<div  class=\"row\">\n<div  class=\"col-xs-12 col-sm-6 col-sm-offset-6 col-md-5 col-md-offset-7 text-center\">\n<div  data-type=\"column\" class=\"card large-padding\">\n<h2  class=\"font-300\">Kontakt<\/h2>\n<h4  class=\"font-300\"><span  style=\"font-weight: 600;\">Robert Semczyszyn<\/span><\/h4>\n<p  class=\"\"><span  style=\"color: #343a40;\">Stara Woda 18, 68-300, Polen<\/span><\/p>\n<p  class=\"\"><span  style=\"color: #343a40;\">Handy:&nbsp;<\/span>+48 691 624 410<\/p>\n<p  class=\"\"><span  style=\"color: #343a40;\">E-mail: info@dachy-semczyszyn.pl<\/span><\/p>\n\n\n<\/div>\n<\/div>\n<\/div>\n<\/div>\n<div  class=\"section-separator-bottom\">\n    <svg  xmlns=\"http:\/\/www.w3.org\/2000\/svg\" viewBox=\"0 0 2600 131.1\" preserveAspectRatio=\"none\" data-separator-name=\"opacity-tilt\" class=\"section-separator-bottom\">\n\t<path  class=\"svg-white-bg\" d=\"M0 0L2600 0 2600 69.1 0 0z\"><\/path>\n\t<path  class=\"svg-white-bg\" style=\"opacity: 0.5;\" d=\"M0 0L2600 0 2600 69.1 0 69.1z\"><\/path>\n\t<path  class=\"svg-white-bg\" style=\"opacity: 0.25;\" d=\"M2600 0L0 0 0 130.1 2600 69.1z\"><\/path>\n<\/svg>\n<\/div><\/div>","protected":false},"excerpt":{"rendered":"<p>Sie suchen einen Spezialisten f\u00fcr Ihre Baustelle? ANGEBOT ANFORDERN Was machen wir? Wir bieten ein umfassendes Leistungspaket, das alles umfasst, was Sie f\u00fcr ein solides und langlebiges Dach ben\u00f6tigen. Wir fertigen professionelle Dachkonstruktionen und pr\u00e4zise gefertigte Dachst\u00fchle. Wir sind spezialisiert auf die Montage verschiedener Dacheindeckungen, die Ihren Bed\u00fcrfnissen und W\u00fcnschen entsprechen und sowohl \u00c4sthetik als&hellip; <br \/> <a class=\"read-more\" href=\"https:\/\/www.dachy-semczyszyn.pl\/de\/\">Read more<\/a><\/p>\n","protected":false},"author":1,"featured_media":0,"parent":0,"menu_order":0,"comment_status":"closed","ping_status":"closed","template":"page-templates\/homepage.php","meta":{"footnotes":""},"class_list":["post-86","page","type-page","status-publish","hentry"],"aioseo_notices":[],"_links":{"self":[{"href":"https:\/\/www.dachy-semczyszyn.pl\/de\/wp-json\/wp\/v2\/pages\/86","targetHints":{"allow":["GET"]}}],"collection":[{"href":"https:\/\/www.dachy-semczyszyn.pl\/de\/wp-json\/wp\/v2\/pages"}],"about":[{"href":"https:\/\/www.dachy-semczyszyn.pl\/de\/wp-json\/wp\/v2\/types\/page"}],"author":[{"embeddable":true,"href":"https:\/\/www.dachy-semczyszyn.pl\/de\/wp-json\/wp\/v2\/users\/1"}],"replies":[{"embeddable":true,"href":"https:\/\/www.dachy-semczyszyn.pl\/de\/wp-json\/wp\/v2\/comments?post=86"}],"version-history":[{"count":47,"href":"https:\/\/www.dachy-semczyszyn.pl\/de\/wp-json\/wp\/v2\/pages\/86\/revisions"}],"predecessor-version":[{"id":856,"href":"https:\/\/www.dachy-semczyszyn.pl\/de\/wp-json\/wp\/v2\/pages\/86\/revisions\/856"}],"wp:attachment":[{"href":"https:\/\/www.dachy-semczyszyn.pl\/de\/wp-json\/wp\/v2\/media?parent=86"}],"curies":[{"name":"wp","href":"https:\/\/api.w.org\/{rel}","templated":true}]}}